{"id":15603,"date":"2023-12-19T18:22:49","date_gmt":"2023-12-19T18:22:49","guid":{"rendered":"https:\/\/demo.artureanec.com\/themes\/neuros\/?page_id=3"},"modified":"2024-12-18T11:33:34","modified_gmt":"2024-12-18T10:33:34","slug":"avisos-legales","status":"publish","type":"page","link":"https:\/\/www.techwiseindustries.com\/es\/mentions-legales","title":{"rendered":"Avisos legales"},"content":{"rendered":"\t\t<div data-elementor-type=\"wp-page\" data-elementor-id=\"15603\" class=\"elementor elementor-15603\" data-elementor-post-type=\"page\">\n\t\t\t\t\t\t<section class=\"elementor-section elementor-top-section elementor-element elementor-element-d946308 elementor-section-full_width elementor-section-stretched elementor-section-height-default elementor-section-height-default\" data-id=\"d946308\" data-element_type=\"section\" data-e-type=\"section\" data-settings=\"{&quot;stretch_section&quot;:&quot;section-stretched&quot;,&quot;background_background&quot;:&quot;classic&quot;}\">\n\t\t\t\t\t\t<div class=\"elementor-container elementor-column-gap-default\">\n\t\t\t\t\t<div class=\"elementor-column elementor-col-100 elementor-top-column elementor-element elementor-element-d5edc8f tw-banner-column\" data-id=\"d5edc8f\" data-element_type=\"column\" data-e-type=\"column\">\n\t\t\t<div class=\"elementor-widget-wrap elementor-element-populated\">\n\t\t\t\t\t\t<section class=\"elementor-section elementor-inner-section elementor-element elementor-element-6aecd311 elementor-section-height-min-height elementor-section-content-middle elementor-section-full_width elementor-section-height-default\" data-id=\"6aecd311\" data-element_type=\"section\" data-e-type=\"section\" data-settings=\"{&quot;background_background&quot;:&quot;classic&quot;}\">\n\t\t\t\t\t\t<div class=\"elementor-container elementor-column-gap-default\">\n\t\t\t\t\t<div class=\"elementor-column elementor-col-100 elementor-inner-column elementor-element elementor-element-654f834\" data-id=\"654f834\" data-element_type=\"column\" data-e-type=\"column\">\n\t\t\t<div class=\"elementor-widget-wrap elementor-element-populated\">\n\t\t\t\t\t\t\t<\/div>\n\t\t<\/div>\n\t\t\t\t\t<\/div>\n\t\t<\/section>\n\t\t\t\t<div class=\"elementor-element elementor-element-6f3f3cd4 elementor-widget__width-auto elementor-absolute tw-breadcrumb elementor-widget elementor-widget-breadcrumbs\" data-id=\"6f3f3cd4\" data-element_type=\"widget\" data-e-type=\"widget\" data-settings=\"{&quot;_position&quot;:&quot;absolute&quot;}\" data-widget_type=\"breadcrumbs.default\">\n\t\t\t\t<div class=\"elementor-widget-container\">\n\t\t\t\t\t<p id=\"breadcrumbs\"><span><span><a href=\"https:\/\/www.techwiseindustries.com\/\">Accueil<\/a><\/span><\/span><\/p>\t\t\t\t<\/div>\n\t\t\t\t<\/div>\n\t\t\t\t\t<\/div>\n\t\t<\/div>\n\t\t\t\t\t<\/div>\n\t\t<\/section>\n\t\t\t\t<section class=\"elementor-section elementor-top-section elementor-element elementor-element-3243496f elementor-section-boxed elementor-section-height-default elementor-section-height-default\" data-id=\"3243496f\" data-element_type=\"section\" data-e-type=\"section\">\n\t\t\t\t\t\t<div class=\"elementor-container elementor-column-gap-default\">\n\t\t\t\t\t<div class=\"elementor-column elementor-col-100 elementor-top-column elementor-element elementor-element-474a3862\" data-id=\"474a3862\" data-element_type=\"column\" data-e-type=\"column\">\n\t\t\t<div class=\"elementor-widget-wrap elementor-element-populated\">\n\t\t\t\t\t\t<div class=\"elementor-element elementor-element-276c8421 elementor-widget elementor-widget-text-editor\" data-id=\"276c8421\" data-element_type=\"widget\" data-e-type=\"widget\" data-widget_type=\"text-editor.default\">\n\t\t\t\t<div class=\"elementor-widget-container\">\n\t\t\t\t\t\t\t\t\t<h2>\u00c9diteur<\/h2>\n\n<p>Ce Site ci-apr\u00e8s d\u00e9nomm\u00e9 le \u00ab Site \u00bb est \u00e9dit\u00e9 par Techwise Industries, Smart Agent (SASU) au capital de 1000\u20ac immatricul\u00e9e au Registre du Commerce et des Soci\u00e9t\u00e9s de PARIS sous le n\u00b084021025600029 et dont le si\u00e8ge social est situ\u00e9 34 BD DES ITALIENS, 75009 PARIS,<br \/>FRANCE.(ci-apr\u00e8s d\u00e9nomm\u00e9e \u00ab Techwise Industries \u00bb).<\/p>\n\n<h2>H\u00e9bergement<\/h2>\n\n<p>Ce Site est h\u00e9berg\u00e9 par la soci\u00e9t\u00e9 OVH, au capital de 50 000 000,00 \u20ac, dont le si\u00e8ge social est situ\u00e9 2 RUE KELLERMANN 59100 ROUBAIX, immatricul\u00e9e au Registre du Commerce et des Soci\u00e9t\u00e9s de Lille sous le n\u00b0 42476141900045.<\/p>\n<p>https:\/\/www.ovhcloud.com\/fr\/<\/p>\n\n<h2>Directeur de la publication<\/h2>\n\n<p>Smart Agent, directeur de la publication \u2013 Pour toute question relative au Site, veuillez nous contacter :<\/p>\n<p>Par formulaire internet : https:\/\/www.techwiseindustries.com\/contact<br \/>Par E-mail : contact@techwiseindustries.com<br \/>Par t\u00e9l\u00e9phone : 06 12 24 28 52<\/p>\n\t\t\t\t\t\t\t\t<\/div>\n\t\t\t\t<\/div>\n\t\t\t\t\t<\/div>\n\t\t<\/div>\n\t\t\t\t\t<\/div>\n\t\t<\/section>\n\t\t\t\t<section class=\"elementor-section elementor-top-section elementor-element elementor-element-4eaf7844 elementor-section-stretched elementor-section-full_width elementor-section-height-default elementor-section-height-default\" data-id=\"4eaf7844\" data-element_type=\"section\" data-e-type=\"section\" data-settings=\"{&quot;stretch_section&quot;:&quot;section-stretched&quot;,&quot;background_background&quot;:&quot;classic&quot;}\">\n\t\t\t\t\t\t\t<div class=\"elementor-background-overlay\"><\/div>\n\t\t\t\t\t\t\t<div class=\"elementor-container elementor-column-gap-no\">\n\t\t\t\t\t<div class=\"elementor-column elementor-col-100 elementor-top-column elementor-element elementor-element-32309b4c\" data-id=\"32309b4c\" data-element_type=\"column\" data-e-type=\"column\">\n\t\t\t<div class=\"elementor-widget-wrap elementor-element-populated\">\n\t\t\t\t\t\t<section class=\"elementor-section elementor-inner-section elementor-element elementor-element-35823ab elementor-section-boxed elementor-section-height-default elementor-section-height-default\" data-id=\"35823ab\" data-element_type=\"section\" data-e-type=\"section\" data-settings=\"{&quot;background_background&quot;:&quot;classic&quot;}\">\n\t\t\t\t\t\t<div class=\"elementor-container elementor-column-gap-wide\">\n\t\t\t\t\t<div class=\"elementor-column elementor-col-50 elementor-inner-column elementor-element elementor-element-6b0c652a\" data-id=\"6b0c652a\" data-element_type=\"column\" data-e-type=\"column\">\n\t\t\t<div class=\"elementor-widget-wrap elementor-element-populated\">\n\t\t\t\t\t\t<div class=\"elementor-element elementor-element-25a53186 elementor-invisible elementor-widget elementor-widget-neuros_heading\" data-id=\"25a53186\" data-element_type=\"widget\" data-e-type=\"widget\" data-settings=\"{&quot;_animation&quot;:&quot;neuros_heading_animation&quot;,&quot;_animation_delay&quot;:300}\" data-widget_type=\"neuros_heading.default\">\n\t\t\t\t<div class=\"elementor-widget-container\">\n\t\t\t\t\t<div class=\"neuros-heading-widget\"><h2 class=\"neuros-heading\"><span class=\"neuros-heading-content has_gradient_color_text\">Inscrivez-vous <br \/>\u00e0 notre newsletter<\/span><\/h2><\/div>\t\t\t\t<\/div>\n\t\t\t\t<\/div>\n\t\t\t\t<div class=\"elementor-element elementor-element-55f4a090 elementor-widget elementor-widget-text-editor\" data-id=\"55f4a090\" data-element_type=\"widget\" data-e-type=\"widget\" data-widget_type=\"text-editor.default\">\n\t\t\t\t<div class=\"elementor-widget-container\">\n\t\t\t\t\t\t\t\t\t<p>Pour ne rien rater des derni\u00e8res innovations technologiques, gr\u00e2ce \u00e0 notre veille experte.<\/p>\t\t\t\t\t\t\t\t<\/div>\n\t\t\t\t<\/div>\n\t\t\t\t\t<\/div>\n\t\t<\/div>\n\t\t\t\t<div class=\"elementor-column elementor-col-50 elementor-inner-column elementor-element elementor-element-241cdbfe\" data-id=\"241cdbfe\" data-element_type=\"column\" data-e-type=\"column\" data-settings=\"{&quot;background_background&quot;:&quot;classic&quot;}\">\n\t\t\t<div class=\"elementor-widget-wrap elementor-element-populated\">\n\t\t\t\t\t\t<div class=\"elementor-element elementor-element-78f0e185 tw-footer-mailchimp mailchimp-button-border-style-solid mailchimp-button-bakground-style-solid elementor-widget elementor-widget-neuros_mailchimp\" data-id=\"78f0e185\" data-element_type=\"widget\" data-e-type=\"widget\" data-widget_type=\"neuros_mailchimp.default\">\n\t\t\t\t<div class=\"elementor-widget-container\">\n\t\t\t\t\t        <div class=\"neuros-mailchimp-widget\">\n                    <\/div>\n        \t\t\t\t<\/div>\n\t\t\t\t<\/div>\n\t\t\t\t<div class=\"elementor-element elementor-element-2eafb8fc tw-footer-form wpforms-button-bakground-style-gradient elementor-hidden-desktop elementor-hidden-tablet elementor-hidden-mobile wpforms-button-border-style-solid elementor-widget elementor-widget-neuros_wpforms\" data-id=\"2eafb8fc\" data-element_type=\"widget\" data-e-type=\"widget\" data-widget_type=\"neuros_wpforms.default\">\n\t\t\t\t<div class=\"elementor-widget-container\">\n\t\t\t\t\t        <div class=\"neuros-wpforms-widget\">\n            <style id=\"wpforms-css-vars-15622\">\n\t\t\t\t#wpforms-15622 {\n\t\t\t\t\n\t\t\t}\n\t\t\t<\/style><div class=\"wpforms-container wpforms-container-full wpforms-render-modern\" id=\"wpforms-15622\"><form id=\"wpforms-form-15622\" class=\"wpforms-validate wpforms-form wpforms-ajax-form\" data-formid=\"15622\" method=\"post\" enctype=\"multipart\/form-data\" action=\"\/es\/wp-json\/wp\/v2\/pages\/15603\" data-token=\"7fd55b403553f088424b30d6037a1ba2\" data-token-time=\"1776309126\"><noscript class=\"wpforms-error-noscript\">Por favor, activa JavaScript en tu navegador para completar este formulario.<\/noscript><div id=\"wpforms-error-noscript\" style=\"display: none;\">Por favor, activa JavaScript en tu navegador para completar este formulario.<\/div><div class=\"wpforms-field-container\"><div id=\"wpforms-15622-field_3-container\" class=\"wpforms-field wpforms-field-email\" data-field-id=\"3\"><label class=\"wpforms-field-label wpforms-label-hide\" for=\"wpforms-15622-field_3\" aria-hidden=\"false\">Email <span class=\"wpforms-required-label\" aria-hidden=\"true\">*<\/span><\/label><input type=\"email\" id=\"wpforms-15622-field_3\" class=\"wpforms-field-large wpforms-field-required\" name=\"wpforms[fields][3]\" placeholder=\"Email\" spellcheck=\"false\" aria-errormessage=\"wpforms-15622-field_3-error\" required><\/div><\/div><!-- .wpforms-field-container --><div class=\"wpforms-submit-container\" ><input type=\"hidden\" name=\"wpforms[id]\" value=\"15622\"><input type=\"hidden\" name=\"page_title\" value=\"\"><input type=\"hidden\" name=\"page_url\" value=\"https:\/\/www.techwiseindustries.com\/es\/wp-json\/wp\/v2\/pages\/15603\"><input type=\"hidden\" name=\"url_referer\" value=\"\"><button type=\"submit\" name=\"wpforms[submit]\" id=\"wpforms-submit-15622\" class=\"wpforms-submit\" data-alt-text=\"Envoi...\" data-submit-text=\"S\u2019inscrire\" aria-live=\"assertive\" value=\"wpforms-submit\">S\u2019inscrire<\/button><img decoding=\"async\" src=\"https:\/\/www.techwiseindustries.com\/wp-content\/plugins\/wpforms-lite\/assets\/images\/submit-spin.svg\" class=\"wpforms-submit-spinner\" style=\"display: none;\" width=\"26\" height=\"26\" alt=\"Cargando\"><\/div><\/form><\/div>  <!-- .wpforms-container -->        <\/div>\n        \t\t\t\t<\/div>\n\t\t\t\t<\/div>\n\t\t\t\t\t<\/div>\n\t\t<\/div>\n\t\t\t\t\t<\/div>\n\t\t<\/section>\n\t\t\t\t<section class=\"elementor-section elementor-inner-section elementor-element elementor-element-ba0e036 elementor-section-boxed elementor-section-height-default elementor-section-height-default\" data-id=\"ba0e036\" data-element_type=\"section\" data-e-type=\"section\" data-settings=\"{&quot;background_background&quot;:&quot;classic&quot;}\">\n\t\t\t\t\t\t<div class=\"elementor-container elementor-column-gap-default\">\n\t\t\t\t\t<div class=\"elementor-column elementor-col-100 elementor-inner-column elementor-element elementor-element-4ab3c4f3\" data-id=\"4ab3c4f3\" data-element_type=\"column\" data-e-type=\"column\">\n\t\t\t<div class=\"elementor-widget-wrap elementor-element-populated\">\n\t\t\t\t\t\t<div class=\"elementor-element elementor-element-64efa65c elementor-widget-divider--view-line elementor-widget elementor-widget-divider\" data-id=\"64efa65c\" data-element_type=\"widget\" data-e-type=\"widget\" data-widget_type=\"divider.default\">\n\t\t\t\t<div class=\"elementor-widget-container\">\n\t\t\t\t\t\t\t<div class=\"elementor-divider\">\n\t\t\t<span class=\"elementor-divider-separator\">\n\t\t\t\t\t\t<\/span>\n\t\t<\/div>\n\t\t\t\t\t\t<\/div>\n\t\t\t\t<\/div>\n\t\t\t\t\t<\/div>\n\t\t<\/div>\n\t\t\t\t\t<\/div>\n\t\t<\/section>\n\t\t\t\t\t<\/div>\n\t\t<\/div>\n\t\t\t\t\t<\/div>\n\t\t<\/section>\n\t\t\t\t<\/div>\n\t\t","protected":false},"excerpt":{"rendered":"<p>\u00c9diteur Ce Site ci-apr\u00e8s d\u00e9nomm\u00e9 le \u00ab Site \u00bb est \u00e9dit\u00e9 par Techwise Industries, Smart Agent (SASU) au capital de 1000\u20ac immatricul\u00e9e au Registre du Commerce et des Soci\u00e9t\u00e9s de PARIS sous le n\u00b084021025600029 et dont le si\u00e8ge social est situ\u00e9&#8230;<\/p>","protected":false},"author":1,"featured_media":0,"parent":0,"menu_order":0,"comment_status":"closed","ping_status":"open","template":"","meta":{"inline_featured_image":false,"_monsterinsights_skip_tracking":false,"_monsterinsights_sitenote_active":false,"_monsterinsights_sitenote_note":"","_monsterinsights_sitenote_category":0,"footnotes":""},"class_list":["post-15603","page","type-page","status-publish","hentry"],"yoast_head":"<!-- This site is optimized with the Yoast SEO plugin v27.4 - https:\/\/yoast.com\/product\/yoast-seo-wordpress\/ -->\n<title>Mentions l\u00e9gales - Techwise<\/title>\n<meta name=\"description\" content=\"Consultez les mentions l\u00e9gales de Techwise et d\u00e9couvrez notre engagement pour des solutions fiables et transparentes.\" \/>\n<meta name=\"robots\" content=\"index, follow, max-snippet:-1, max-image-preview:large, max-video-preview:-1\" \/>\n<link rel=\"canonical\" href=\"https:\/\/www.techwiseindustries.com\/es\/avisos-legales\/\" \/>\n<meta property=\"og:locale\" content=\"es_ES\" \/>\n<meta property=\"og:type\" content=\"article\" \/>\n<meta property=\"og:title\" content=\"Mentions l\u00e9gales - Techwise\" \/>\n<meta property=\"og:description\" content=\"Consultez les mentions l\u00e9gales de Techwise et d\u00e9couvrez notre engagement pour des solutions fiables et transparentes.\" \/>\n<meta property=\"og:url\" content=\"https:\/\/www.techwiseindustries.com\/es\/avisos-legales\/\" \/>\n<meta property=\"og:site_name\" content=\"Techwise Industries\" \/>\n<meta property=\"article:modified_time\" content=\"2024-12-18T10:33:34+00:00\" \/>\n<meta name=\"twitter:card\" content=\"summary_large_image\" \/>\n<meta name=\"twitter:label1\" content=\"Tiempo de lectura\" \/>\n\t<meta name=\"twitter:data1\" content=\"1 minuto\" \/>\n<script type=\"application\/ld+json\" class=\"yoast-schema-graph\">{\"@context\":\"https:\\\/\\\/schema.org\",\"@graph\":[{\"@type\":\"WebPage\",\"@id\":\"https:\\\/\\\/www.techwiseindustries.com\\\/mentions-legales\",\"url\":\"https:\\\/\\\/www.techwiseindustries.com\\\/mentions-legales\",\"name\":\"Mentions l\u00e9gales - Techwise\",\"isPartOf\":{\"@id\":\"https:\\\/\\\/www.techwiseindustries.com\\\/#website\"},\"datePublished\":\"2023-12-19T18:22:49+00:00\",\"dateModified\":\"2024-12-18T10:33:34+00:00\",\"description\":\"Consultez les mentions l\u00e9gales de Techwise et d\u00e9couvrez notre engagement pour des solutions fiables et transparentes.\",\"breadcrumb\":{\"@id\":\"https:\\\/\\\/www.techwiseindustries.com\\\/mentions-legales#breadcrumb\"},\"inLanguage\":\"es\",\"potentialAction\":[{\"@type\":\"ReadAction\",\"target\":[\"https:\\\/\\\/www.techwiseindustries.com\\\/mentions-legales\"]}]},{\"@type\":\"BreadcrumbList\",\"@id\":\"https:\\\/\\\/www.techwiseindustries.com\\\/mentions-legales#breadcrumb\",\"itemListElement\":[{\"@type\":\"ListItem\",\"position\":1,\"name\":\"Accueil\",\"item\":\"https:\\\/\\\/www.techwiseindustries.com\\\/\"},{\"@type\":\"ListItem\",\"position\":2,\"name\":\"Mentions l\u00e9gales\"}]},{\"@type\":\"WebSite\",\"@id\":\"https:\\\/\\\/www.techwiseindustries.com\\\/#website\",\"url\":\"https:\\\/\\\/www.techwiseindustries.com\\\/\",\"name\":\"Techwise Industries\",\"description\":\"\",\"potentialAction\":[{\"@type\":\"SearchAction\",\"target\":{\"@type\":\"EntryPoint\",\"urlTemplate\":\"https:\\\/\\\/www.techwiseindustries.com\\\/?s={search_term_string}\"},\"query-input\":{\"@type\":\"PropertyValueSpecification\",\"valueRequired\":true,\"valueName\":\"search_term_string\"}}],\"inLanguage\":\"es\"}]}<\/script>\n<!-- \/ Yoast SEO plugin. -->","yoast_head_json":{"title":"Avisos legales - Techwise","description":"Consulte los avisos legales de Techwise y conozca nuestro compromiso con soluciones confiables y transparentes.","robots":{"index":"index","follow":"follow","max-snippet":"max-snippet:-1","max-image-preview":"max-image-preview:large","max-video-preview":"max-video-preview:-1"},"canonical":"https:\/\/www.techwiseindustries.com\/es\/avisos-legales\/","og_locale":"es_ES","og_type":"article","og_title":"Mentions l\u00e9gales - Techwise","og_description":"Consultez les mentions l\u00e9gales de Techwise et d\u00e9couvrez notre engagement pour des solutions fiables et transparentes.","og_url":"https:\/\/www.techwiseindustries.com\/es\/avisos-legales\/","og_site_name":"Techwise Industries","article_modified_time":"2024-12-18T10:33:34+00:00","twitter_card":"summary_large_image","twitter_misc":{"Tiempo de lectura":"1 minuto"},"schema":{"@context":"https:\/\/schema.org","@graph":[{"@type":"WebPage","@id":"https:\/\/www.techwiseindustries.com\/mentions-legales","url":"https:\/\/www.techwiseindustries.com\/mentions-legales","name":"Avisos legales - Techwise","isPartOf":{"@id":"https:\/\/www.techwiseindustries.com\/#website"},"datePublished":"2023-12-19T18:22:49+00:00","dateModified":"2024-12-18T10:33:34+00:00","description":"Consulte los avisos legales de Techwise y conozca nuestro compromiso con soluciones confiables y transparentes.","breadcrumb":{"@id":"https:\/\/www.techwiseindustries.com\/mentions-legales#breadcrumb"},"inLanguage":"es","potentialAction":[{"@type":"ReadAction","target":["https:\/\/www.techwiseindustries.com\/mentions-legales"]}]},{"@type":"BreadcrumbList","@id":"https:\/\/www.techwiseindustries.com\/mentions-legales#breadcrumb","itemListElement":[{"@type":"ListItem","position":1,"name":"Accueil","item":"https:\/\/www.techwiseindustries.com\/"},{"@type":"ListItem","position":2,"name":"Mentions l\u00e9gales"}]},{"@type":"WebSite","@id":"https:\/\/www.techwiseindustries.com\/#website","url":"https:\/\/www.techwiseindustries.com\/","name":"Industrias tecnol\u00f3gicas","description":"","potentialAction":[{"@type":"SearchAction","target":{"@type":"EntryPoint","urlTemplate":"https:\/\/www.techwiseindustries.com\/?s={search_term_string}"},"query-input":{"@type":"PropertyValueSpecification","valueRequired":true,"valueName":"search_term_string"}}],"inLanguage":"es"}]}},"_links":{"self":[{"href":"https:\/\/www.techwiseindustries.com\/es\/wp-json\/wp\/v2\/pages\/15603","targetHints":{"allow":["GET"]}}],"collection":[{"href":"https:\/\/www.techwiseindustries.com\/es\/wp-json\/wp\/v2\/pages"}],"about":[{"href":"https:\/\/www.techwiseindustries.com\/es\/wp-json\/wp\/v2\/types\/page"}],"author":[{"embeddable":true,"href":"https:\/\/www.techwiseindustries.com\/es\/wp-json\/wp\/v2\/users\/1"}],"replies":[{"embeddable":true,"href":"https:\/\/www.techwiseindustries.com\/es\/wp-json\/wp\/v2\/comments?post=15603"}],"version-history":[{"count":0,"href":"https:\/\/www.techwiseindustries.com\/es\/wp-json\/wp\/v2\/pages\/15603\/revisions"}],"wp:attachment":[{"href":"https:\/\/www.techwiseindustries.com\/es\/wp-json\/wp\/v2\/media?parent=15603"}],"curies":[{"name":"wp","href":"https:\/\/api.w.org\/{rel}","templated":true}]}}